{"id":3946,"date":"2024-02-05T13:51:14","date_gmt":"2024-02-05T12:51:14","guid":{"rendered":"https:\/\/balsamodeldragon.com\/?post_type=product&#038;p=3946"},"modified":"2026-02-14T22:24:26","modified_gmt":"2026-02-14T21:24:26","slug":"baume-rouge-30gr","status":"publish","type":"product","link":"https:\/\/balsamodeldragon.com\/index.php\/producto\/baume-rouge-30gr\/","title":{"rendered":"Baume du dragon rouge 30gr"},"content":{"rendered":"<p>Le Baume du Dragon Rouge est un produit qui a \u00e9t\u00e9 cr\u00e9\u00e9 pour aider les sportifs \u00e0 soulager les tensions musculaires et articulaires. Il est \u00e9galement tr\u00e8s efficace pour chauffer les muscles avant ou apr\u00e8s l\u2019effort.<\/p>\n<p>Le secret de son effet chauffant tr\u00e8s fort r\u00e9side dans la synergie des huiles essentielles et de son principe actif tr\u00e8s puissant, le Sang du Dragon .<\/p>\n<p>Le Sang du Dragon est la s\u00e8ve de l\u2019arbre Dragonnier, qui se trouve principalement en Asie du Sud et en Am\u00e9rique latine.<br \/>\nLa s\u00e8ve est r\u00e9colt\u00e9e par coul\u00e9e \u00e0 partir de la huiti\u00e8me ann\u00e9e du Dragonnier, uniquement pendant les p\u00e9riodes de grandes pluies, une ou deux fois par an .<\/p>\n<p>Le sang du dragon est un produit rare et on\u00e9reux, mais il est reconnu depuis l\u2019Antiquit\u00e9 dans les m\u00e9decines traditionnelles chinoise et amazonienne pour gu\u00e9rir les blessures, pour son pouvoir antimicrobien, anti-inflammatoire, analg\u00e9sique et son action cicatrisante . Ces nombreuses vertus sont reconnues par des \u00e9tudes r\u00e9centes.<\/p>\n<p><em>Le Baume du Dragon Rouge, vous permet de\u00a0 profiter des bienfaits de cette s\u00e8ve rare et puissante pour soulager vos douleurs musculaires et articulaires.<\/em><\/p>\n<p><em>Le Baume du Dragon Rouge contient \u00e9galement d\u2019autres ingr\u00e9dients naturels qui ont des propri\u00e9t\u00e9s b\u00e9n\u00e9fiques pour les sportifs. Voici une liste de ces ingr\u00e9dients et de leurs propri\u00e9t\u00e9s principales<\/em>:<\/p>\n<ul>\n<li>Huile essentielle de camphre:<\/li>\n<\/ul>\n<p>Cette huile est particuli\u00e8rement appr\u00e9ci\u00e9e des sportifs et des personnes souffrant de rhumatismes pour calmer des douleurs musculaires et rhumatismales. Elle a des propri\u00e9t\u00e9s analg\u00e9siques, anti-inflammatoires et stimulantes.<\/p>\n<ul>\n<li>Huile essentielle de menthol:<\/li>\n<\/ul>\n<p>Cette huile a des propri\u00e9t\u00e9s antalgiques par \u201ceffet froid\u201d agissant en cas de douleurs musculaires ou articulaires, ou de coups. Elle draine, rafra\u00eechit et d\u00e9congestionne. Elle entre ainsi dans de nombreux soins d\u00e9di\u00e9s aux jambes lourdes et gonfl\u00e9es pour un confort imm\u00e9diat ! D\u2019autre part, le menthol se caract\u00e9rise par des fonctions relaxantes et, paradoxalement, tonifiantes et revigorantes.<\/p>\n<ul>\n<li>Huile essentielle de menthe arvensis:<\/li>\n<\/ul>\n<p>Cette huile a des propri\u00e9t\u00e9s antalgiques, anesth\u00e9siant local. Ces mol\u00e9cules aident \u00e0 diminuer, voire supprimer la douleur en inhibant la s\u00e9cr\u00e9tion des mol\u00e9cules qui sont responsables de la transmission de la douleur.<\/p>\n<ul>\n<li>Huile essentielle d\u2019eucalyptus globulus:<\/li>\n<\/ul>\n<p>Cette huile a des propri\u00e9t\u00e9s anti-inflammatoires et antalgique gr\u00e2ce \u00e0 l\u2019eucalyptol elle provoque une anesth\u00e9sie locale par sensation de froid et est tr\u00e8s efficace pour bloquer les douleurs induites par l\u2019inflammation.<\/p>\n<ul>\n<li>Huile essentielle de cannelle de Chine:<\/li>\n<\/ul>\n<p>Cette huile est connue pour ses propri\u00e9t\u00e9s toniques. Elle poss\u00e8de \u00e9galement des vertus d\u00e9contractantes et anti-inflammatoires, ce qui peut aider \u00e0 soulager les muscles endoloris<\/p>\n<ul>\n<li>Huile essentielle de clou de girofle:<\/li>\n<\/ul>\n<p>Cette huile est connue pour ses vertus antispasmodiques et peut aider \u00e0 apaiser les tensions musculaires ainsi que les courbatures apr\u00e8s une s\u00e9ance sportive intense.<\/p>\n","protected":false},"excerpt":{"rendered":"<p>Le Baume du Dragon Rouge est un produit qui a \u00e9t\u00e9 cr\u00e9\u00e9 pour aider les sportifs \u00e0 soulager les tensions musculaires et articulaires. Il est \u00e9galement tr\u00e8s efficace pour chauffer les muscles avant ou apr\u00e8s l\u2019effort.<\/p>\n<p>Le secret de son effet chauffant tr\u00e8s fort r\u00e9side dans la synergie des huiles essentielles et de son principe actif tr\u00e8s puissant, le Sang du Dragon .<\/p>\n","protected":false},"featured_media":3947,"comment_status":"open","ping_status":"closed","template":"","meta":[],"product_cat":[185],"product_tag":[],"class_list":{"0":"post-3946","1":"product","2":"type-product","3":"status-publish","4":"has-post-thumbnail","6":"product_cat-balsamo-del-dragon-rojo","8":"first","9":"instock","10":"shipping-taxable","11":"purchasable","12":"product-type-simple"},"acf":[],"_links":{"self":[{"href":"https:\/\/balsamodeldragon.com\/index.php\/wp-json\/wp\/v2\/product\/3946","targetHints":{"allow":["GET"]}}],"collection":[{"href":"https:\/\/balsamodeldragon.com\/index.php\/wp-json\/wp\/v2\/product"}],"about":[{"href":"https:\/\/balsamodeldragon.com\/index.php\/wp-json\/wp\/v2\/types\/product"}],"replies":[{"embeddable":true,"href":"https:\/\/balsamodeldragon.com\/index.php\/wp-json\/wp\/v2\/comments?post=3946"}],"wp:featuredmedia":[{"embeddable":true,"href":"https:\/\/balsamodeldragon.com\/index.php\/wp-json\/wp\/v2\/media\/3947"}],"wp:attachment":[{"href":"https:\/\/balsamodeldragon.com\/index.php\/wp-json\/wp\/v2\/media?parent=3946"}],"wp:term":[{"taxonomy":"product_cat","embeddable":true,"href":"https:\/\/balsamodeldragon.com\/index.php\/wp-json\/wp\/v2\/product_cat?post=3946"},{"taxonomy":"product_tag","embeddable":true,"href":"https:\/\/balsamodeldragon.com\/index.php\/wp-json\/wp\/v2\/product_tag?post=3946"}],"curies":[{"name":"wp","href":"https:\/\/api.w.org\/{rel}","templated":true}]}}