{"id":3951,"date":"2024-02-05T14:17:05","date_gmt":"2024-02-05T13:17:05","guid":{"rendered":"https:\/\/balsamodeldragon.com\/?post_type=product&#038;p=3951"},"modified":"2026-02-25T06:25:54","modified_gmt":"2026-02-25T05:25:54","slug":"balsamo-del-dragon-blanco-19gr","status":"publish","type":"product","link":"https:\/\/balsamodeldragon.com\/index.php\/producto\/balsamo-del-dragon-blanco-19gr\/","title":{"rendered":"B\u00e1lsamo del Drag\u00f3n Blanco 19gr"},"content":{"rendered":"<p>Los principales ingredientes naturales de White Dragon Balm son alcanfor, mentol, menta arvensis y eucalipto globulus.<\/p>\n<p>El alcanfor es conocido por sus propiedades estimulantes y tonificantes. Se recomienda para despejar las v\u00edas respiratorias y luchar contra los trastornos respiratorios. Tambi\u00e9n tiene propiedades analg\u00e9sicas, antiinflamatorias y puede usarse externamente para aliviar el dolor.<\/p>\n<p>El mentol es muy refrescante y aporta una intensa sensaci\u00f3n de frescor. Se utiliza para aliviar los dolores musculares gracias a su acci\u00f3n antiinflamatoria. Tambi\u00e9n es un descongestionante respiratorio y puede inhalarse para beneficiarse de \u00e9l. El mentol tambi\u00e9n tiene propiedades relajantes, tonificantes y tonificantes, lo que lo convierte en un ingrediente apreciado por los deportistas para aliviar la tensi\u00f3n muscular.<\/p>\n<p>La menta Arvensis es t\u00f3nica, estimulante de los nervios y antimigra\u00f1a. Favorece la digesti\u00f3n y es estupendo para descongestionar las mucosas. Tambi\u00e9n tiene propiedades anest\u00e9sicas, analg\u00e9sicas y antipruriginosas gracias a su efecto fr\u00edo, que ayuda a calmar el picor.<\/p>\n<p>Eucalyptus globulus tiene propiedades mucol\u00edticas, lo que significa que disminuye la viscosidad de la mucosidad y ayuda a combatir la tos y la congesti\u00f3n nasal. Cuando se aplica sobre la piel, ayuda a aliviar los dolores inflamatorios como la artritis y el reumatismo.<\/p>\n<p><em>\u00a0<\/em><\/p>\n","protected":false},"excerpt":{"rendered":"<p>El b\u00e1lsamo de drag\u00f3n blanco es un producto que fue creado para aliviar diversas dolencias cotidianas y para deportistas. El secreto de su potent\u00edsimo efecto refrescante reside en la sinergia de estos aceites esenciales.<\/p>\n<p>Puede utilizarse para aliviar dolores de cabeza, picaduras de insectos y para despejar las v\u00edas respiratorias. Tambi\u00e9n es muy eficaz para aliviar los dolores reum\u00e1ticos, en particular el \u00abcodo de tenista\u00bb, e ideal en la fase de recuperaci\u00f3n, para aliviar la tensi\u00f3n muscular.<\/p>\n","protected":false},"featured_media":3949,"comment_status":"open","ping_status":"closed","template":"","meta":[],"product_cat":[186],"product_tag":[],"class_list":{"0":"post-3951","1":"product","2":"type-product","3":"status-publish","4":"has-post-thumbnail","6":"product_cat-balsamo-del-dragon-blanco","8":"first","9":"instock","10":"shipping-taxable","11":"purchasable","12":"product-type-simple"},"acf":[],"_links":{"self":[{"href":"https:\/\/balsamodeldragon.com\/index.php\/wp-json\/wp\/v2\/product\/3951","targetHints":{"allow":["GET"]}}],"collection":[{"href":"https:\/\/balsamodeldragon.com\/index.php\/wp-json\/wp\/v2\/product"}],"about":[{"href":"https:\/\/balsamodeldragon.com\/index.php\/wp-json\/wp\/v2\/types\/product"}],"replies":[{"embeddable":true,"href":"https:\/\/balsamodeldragon.com\/index.php\/wp-json\/wp\/v2\/comments?post=3951"}],"wp:featuredmedia":[{"embeddable":true,"href":"https:\/\/balsamodeldragon.com\/index.php\/wp-json\/wp\/v2\/media\/3949"}],"wp:attachment":[{"href":"https:\/\/balsamodeldragon.com\/index.php\/wp-json\/wp\/v2\/media?parent=3951"}],"wp:term":[{"taxonomy":"product_cat","embeddable":true,"href":"https:\/\/balsamodeldragon.com\/index.php\/wp-json\/wp\/v2\/product_cat?post=3951"},{"taxonomy":"product_tag","embeddable":true,"href":"https:\/\/balsamodeldragon.com\/index.php\/wp-json\/wp\/v2\/product_tag?post=3951"}],"curies":[{"name":"wp","href":"https:\/\/api.w.org\/{rel}","templated":true}]}}